{"id":18,"date":"2022-03-30T21:07:12","date_gmt":"2022-03-30T21:07:12","guid":{"rendered":"https:\/\/trockenbau-horsten.de\/?page_id=18"},"modified":"2022-04-01T20:09:52","modified_gmt":"2022-04-01T20:09:52","slug":"impressum","status":"publish","type":"page","link":"https:\/\/www.trockenbau-horsten.de\/?page_id=18","title":{"rendered":"Impressum"},"content":{"rendered":"\n<p>Hier Impressum einf\u00fcgen<\/p>\n\n\n\n<h1>Impressum<\/h1>\n\n<h2>Angaben gem\u00e4\u00df \u00a7 5 TMG<\/h2>\n<p>Daniel Horsten<br>\nTrockenbau<br>\nRodebachstr. 38<br>\n52538 Gangelt<\/p>\n\n<h2>Kontakt<\/h2>\n<p>Telefon: 0163 820 1083<br>\nE-Mail: info@trockenbau-horsten.de<\/p>\n\n<h2>Verbraucher\u00adstreit\u00adbeilegung\/Universal\u00adschlichtungs\u00adstelle<\/h2>\n<p>Wir sind nicht bereit oder verpflichtet, an Streitbeilegungsverfahren vor einer Verbraucherschlichtungsstelle teilzunehmen.<\/p>\n\n<p>Quelle: <a href=\"https:\/\/www.e-recht24.de\">eRecht24<\/a><\/p>\n","protected":false},"excerpt":{"rendered":"<p>Hier Impressum einf\u00fcgen Impressum Angaben gem\u00e4\u00df \u00a7 5 TMG Daniel Horsten Trockenbau Rodebachstr. 38 52538 Gangelt Kontakt Telefon: 0163 820 1083 E-Mail: info@trockenbau-horsten.de Verbraucher\u00adstreit\u00adbeilegung\/Universal\u00adschlichtungs\u00adstelle Wir sind nicht bereit oder verpflichtet, an Streitbeilegungsverfahren vor einer Verbraucherschlichtungsstelle teilzunehmen. Quelle: eRecht24<\/p>\n","protected":false},"author":1,"featured_media":0,"parent":0,"menu_order":0,"comment_status":"closed","ping_status":"closed","template":"","meta":{"footnotes":""},"class_list":["post-18","page","type-page","status-publish","hentry"],"_links":{"self":[{"href":"https:\/\/www.trockenbau-horsten.de\/index.php?rest_route=\/wp\/v2\/pages\/18","targetHints":{"allow":["GET"]}}],"collection":[{"href":"https:\/\/www.trockenbau-horsten.de\/index.php?rest_route=\/wp\/v2\/pages"}],"about":[{"href":"https:\/\/www.trockenbau-horsten.de\/index.php?rest_route=\/wp\/v2\/types\/page"}],"author":[{"embeddable":true,"href":"https:\/\/www.trockenbau-horsten.de\/index.php?rest_route=\/wp\/v2\/users\/1"}],"replies":[{"embeddable":true,"href":"https:\/\/www.trockenbau-horsten.de\/index.php?rest_route=%2Fwp%2Fv2%2Fcomments&post=18"}],"version-history":[{"count":4,"href":"https:\/\/www.trockenbau-horsten.de\/index.php?rest_route=\/wp\/v2\/pages\/18\/revisions"}],"predecessor-version":[{"id":29,"href":"https:\/\/www.trockenbau-horsten.de\/index.php?rest_route=\/wp\/v2\/pages\/18\/revisions\/29"}],"wp:attachment":[{"href":"https:\/\/www.trockenbau-horsten.de\/index.php?rest_route=%2Fwp%2Fv2%2Fmedia&parent=18"}],"curies":[{"name":"wp","href":"https:\/\/api.w.org\/{rel}","templated":true}]}}